{"id":2,"date":"2024-12-04T16:53:00","date_gmt":"2024-12-04T16:53:00","guid":{"rendered":"https:\/\/blog.auf-katzenart.de\/?page_id=2"},"modified":"2024-12-15T23:38:25","modified_gmt":"2024-12-15T23:38:25","slug":"sample-page","status":"publish","type":"page","link":"https:\/\/blog.auf-katzenart.de\/index.php\/sample-page\/","title":{"rendered":"Mein Katzenartig-Blog"},"content":{"rendered":"\n<p class=\"has-large-font-size\">Herzlich willkommen<\/p>\n\n\n\n<p>Sch\u00f6n, dass du meinem Katzenartig-Blog besuchst.<\/p>\n\n\n\n<p>Hier m\u00f6chte ich einerseits informieren, aber auch unterhalten, erz\u00e4hlen und<br>manchmal meine ganz pers\u00f6nliche Meinung zu einem \u201eKatzen\u201cThema\u201c schreiben.<br>Klar, dass ich immer auch alles aus Sicht der Katze betrachten werde. Anders geht\u2019s<br>bei mir gar nicht mehr!<br>Kommentare zum Blogbeitrag und Anregungen zu neuen Themen sind willkommen.<\/p>\n\n\n\n<p>Heute starte ich mit einem Thema, das immer aktueller wird, viel Diskussionsstoff<br>enth\u00e4lt, also lohnt es sich das mal genauer anzuschauen.<br><\/p>\n\n\n\n<h2 class=\"wp-block-heading\">Es ist der Leinenspaziergang mit Katze !<\/h2>\n\n\n\n<p><strong>Inhalt:<\/strong><\/p>\n\n\n\n<ul class=\"wp-block-list\">\n<li>Warum \u00fcberhaupt einen Leinenspaziergang<\/li>\n\n\n\n<li>Vor\u00fcberlegungen und Voraussetzungen<\/li>\n\n\n\n<li>Vorbereitendes Training\/ Katzengeschirr<\/li>\n\n\n\n<li>Sicherheit f\u00fcr unterwegs<\/li>\n\n\n\n<li>Fazit<\/li>\n<\/ul>\n","protected":false},"excerpt":{"rendered":"<p>Herzlich willkommen Sch\u00f6n, dass du meinem Katzenartig-Blog besuchst. Hier m\u00f6chte ich einerseits informieren, aber auch unterhalten, erz\u00e4hlen undmanchmal meine ganz pers\u00f6nliche Meinung zu einem \u201eKatzen\u201cThema\u201c schreiben.Klar, dass ich immer auch alles aus Sicht der Katze betrachten werde. Anders geht\u2019sbei mir gar nicht mehr!Kommentare zum Blogbeitrag und Anregungen zu neuen Themen sind willkommen. Heute starte ich [&hellip;]<\/p>\n","protected":false},"author":2,"featured_media":0,"parent":0,"menu_order":0,"comment_status":"closed","ping_status":"open","template":"","meta":{"footnotes":""},"class_list":["post-2","page","type-page","status-publish","hentry"],"_links":{"self":[{"href":"https:\/\/blog.auf-katzenart.de\/index.php\/wp-json\/wp\/v2\/pages\/2","targetHints":{"allow":["GET"]}}],"collection":[{"href":"https:\/\/blog.auf-katzenart.de\/index.php\/wp-json\/wp\/v2\/pages"}],"about":[{"href":"https:\/\/blog.auf-katzenart.de\/index.php\/wp-json\/wp\/v2\/types\/page"}],"author":[{"embeddable":true,"href":"https:\/\/blog.auf-katzenart.de\/index.php\/wp-json\/wp\/v2\/users\/2"}],"replies":[{"embeddable":true,"href":"https:\/\/blog.auf-katzenart.de\/index.php\/wp-json\/wp\/v2\/comments?post=2"}],"version-history":[{"count":8,"href":"https:\/\/blog.auf-katzenart.de\/index.php\/wp-json\/wp\/v2\/pages\/2\/revisions"}],"predecessor-version":[{"id":28,"href":"https:\/\/blog.auf-katzenart.de\/index.php\/wp-json\/wp\/v2\/pages\/2\/revisions\/28"}],"wp:attachment":[{"href":"https:\/\/blog.auf-katzenart.de\/index.php\/wp-json\/wp\/v2\/media?parent=2"}],"curies":[{"name":"wp","href":"https:\/\/api.w.org\/{rel}","templated":true}]}}